{"id":22557,"date":"2025-10-15T11:46:14","date_gmt":"2025-10-15T09:46:14","guid":{"rendered":"https:\/\/www.snav.it\/promotions-en-cours-ouverture-des-reservations-pour-les-iles-eoliennes-2026"},"modified":"2025-10-15T11:46:14","modified_gmt":"2025-10-15T09:46:14","slug":"promotions-en-cours-ouverture-des-reservations-pour-les-iles-eoliennes-2026","status":"publish","type":"page","link":"https:\/\/www.snav.it\/fr\/promotions-en-cours-ouverture-des-reservations-pour-les-iles-eoliennes-2026","title":{"rendered":"Promotions en cours &#8211; Ouverture des r\u00e9servations pour les \u00eeles \u00c9oliennes 2026"},"content":{"rendered":"<div class=\"wpb-content-wrapper\"><p>[vc_row][vc_column][\/vc_column][\/vc_row][vc_row][vc_column]<div class=\"snav-page-hero\">\n    <div class=\"snav-page-hero__background\">\n        {{ wp_get_attachment_image($img, 'full') }}\n    <\/div>\n\t<div class=\"snav-page-hero__content\">\n\t\t@if (!empty($title))\n\t\t\t<div class=\"snav-page-hero__title\">\n\t            {{ $title }}\n\t        <\/div>\n\t\t@endif\n\t\t@if (!empty($cta))\n            <a href=\"{{ $link['url'] }}\" target=\"{{ $link['target'] }}\"  title=\"{{ $link['title'] }}\">\n                <div class=\"snav-page-hero__cta\">\n                    {{ $cta }}\n                <\/div>\n            <\/a>\n\t\t@endif\n    <\/div>\n<\/div>\n[\/vc_column][vc_column]<div class=\"snav-page-title {{ $position }}\">\n    <h1>{{ $title }}<\/h1>\n<\/div>\n[\/vc_column][\/vc_row][vc_row][vc_column]<div class=\"snav-text-page\">\n    <p>{{ $content }}<\/p>\n<\/div><div class=\"snav-info-box-image\">\n    <a href=\"{{ $link['url'] }}\" target=\"{{$link['target']}}\" title=\"{{ $link['title'] }}\">\n        {{ wp_get_attachment_image($img, 'full') }}\n    <\/a>\n<\/div>\n[\/vc_column][\/vc_row][vc_row][vc_column]<div class=\"snav-text-page\">\n    <p>{{ $content }}<\/p>\n<\/div>[\/vc_column][\/vc_row][vc_row][vc_column][\/vc_column][\/vc_row][vc_row][vc_column]<div class=\"snav-page-hero\">\n    <div class=\"snav-page-hero__background\">\n        {{ wp_get_attachment_image($img, 'full') }}\n    <\/div>\n\t<div class=\"snav-page-hero__content\">\n\t\t@if (!empty($title))\n\t\t\t<div class=\"snav-page-hero__title\">\n\t            {{ $title }}\n\t        <\/div>\n\t\t@endif\n\t\t@if (!empty($cta))\n            <a href=\"{{ $link['url'] }}\" target=\"{{ $link['target'] }}\"  title=\"{{ $link['title'] }}\">\n                <div class=\"snav-page-hero__cta\">\n                    {{ $cta }}\n                <\/div>\n            <\/a>\n\t\t@endif\n    <\/div>\n<\/div>\n[\/vc_column][\/vc_row][vc_row][vc_column][\/vc_column][\/vc_row]<\/p>\n<\/div>","protected":false},"excerpt":{"rendered":"<p>[vc_row][vc_column][\/vc_column][\/vc_row][vc_row][vc_column][\/vc_column][vc_column][\/vc_column][\/vc_row][vc_row][vc_column][\/vc_column][\/vc_row][vc_row][vc_column][\/vc_column][\/vc_row][vc_row][vc_column][\/vc_column][\/vc_row][vc_row][vc_column][\/vc_column][\/vc_row][vc_row][vc_column][\/vc_column][\/vc_row]<\/p>\n","protected":false},"author":6,"featured_media":0,"parent":0,"menu_order":0,"comment_status":"closed","ping_status":"closed","template":"","meta":{"footnotes":""},"class_list":["post-22557","page","type-page","status-publish","hentry"],"_links":{"self":[{"href":"https:\/\/www.snav.it\/fr\/wp-json\/wp\/v2\/pages\/22557","targetHints":{"allow":["GET"]}}],"collection":[{"href":"https:\/\/www.snav.it\/fr\/wp-json\/wp\/v2\/pages"}],"about":[{"href":"https:\/\/www.snav.it\/fr\/wp-json\/wp\/v2\/types\/page"}],"author":[{"embeddable":true,"href":"https:\/\/www.snav.it\/fr\/wp-json\/wp\/v2\/users\/6"}],"replies":[{"embeddable":true,"href":"https:\/\/www.snav.it\/fr\/wp-json\/wp\/v2\/comments?post=22557"}],"version-history":[{"count":0,"href":"https:\/\/www.snav.it\/fr\/wp-json\/wp\/v2\/pages\/22557\/revisions"}],"wp:attachment":[{"href":"https:\/\/www.snav.it\/fr\/wp-json\/wp\/v2\/media?parent=22557"}],"curies":[{"name":"wp","href":"https:\/\/api.w.org\/{rel}","templated":true}]}}