{"id":19730,"date":"2024-08-19T13:05:31","date_gmt":"2024-08-19T11:05:31","guid":{"rendered":"https:\/\/www.snav.it\/?page_id=19730"},"modified":"2024-08-19T15:16:02","modified_gmt":"2024-08-19T13:16:02","slug":"pmr","status":"publish","type":"page","link":"https:\/\/www.snav.it\/fr\/pmr","title":{"rendered":"SNAV PMR \u2013 Besoins Sp\u00e9cifiques"},"content":{"rendered":"<div class=\"wpb-content-wrapper\"><p>[vc_row css=\u00a0\u00bb.vc_custom_1672238184030{margin-top: 32px !important;margin-bottom: 72px !important;}\u00a0\u00bb][vc_column width=\u00a0\u00bb1\/6&Prime;][\/vc_column][vc_column width=\u00a0\u00bb2\/3&Prime;]<div class=\"snav-page-title {{ $position }}\">\n    <h1>{{ $title }}<\/h1>\n<\/div>\n\n<div class=\"wpcf7 no-js\" id=\"wpcf7-f19737-o1\" lang=\"en-US\" dir=\"ltr\" data-wpcf7-id=\"19737\">\n<div class=\"screen-reader-response\"><p role=\"status\" aria-live=\"polite\" aria-atomic=\"true\"><\/p> <ul><\/ul><\/div>\n<form action=\"\/fr\/wp-json\/wp\/v2\/pages\/19730#wpcf7-f19737-o1\" method=\"post\" class=\"wpcf7-form init\" aria-label=\"Contact form\" enctype=\"multipart\/form-data\" novalidate=\"novalidate\" data-status=\"init\">\n<fieldset class=\"hidden-fields-container\"><input type=\"hidden\" name=\"_wpcf7\" value=\"19737\" \/><input type=\"hidden\" name=\"_wpcf7_version\" value=\"6.1.5\" \/><input type=\"hidden\" name=\"_wpcf7_locale\" value=\"en_US\" \/><input type=\"hidden\" name=\"_wpcf7_unit_tag\" value=\"wpcf7-f19737-o1\" \/><input type=\"hidden\" name=\"_wpcf7_container_post\" value=\"0\" \/><input type=\"hidden\" name=\"_wpcf7_posted_data_hash\" value=\"\" \/><input type=\"hidden\" name=\"_wpcf7_recaptcha_response\" value=\"\" \/>\n<\/fieldset>\n<div class=\"col-xs-30 col-md-12\">\n\t<p><b>Aves vous besoin d\u2019aide pour vous ou pour les personnes qui voyagent avec vous?<\/b>\n\t<\/p>\n\t<p>Per la <b><u>Croatie<\/u><\/b>, l\u2019Autorit\u00e9 Portuaire de la Mer Adriatique Centrale met \u00e0 disposition un service gratuit d\u2019assistance aux passagers \u00e0 mobilit\u00e9 r\u00e9duite en transit au port d\u2019Anc\u00f4ne.\n\t<\/p>\n\t<p>Le service doit \u00eatre demand\u00e9 48 heures avant le d\u00e9part, en remplissant et en envoyant le formulaire t\u00e9l\u00e9chargeable au lien suivant: <a href=\"https:\/\/porto.ancona.it\/it\/page\/passeggeri-con-disabilita-ancona\" target=\"_blank\" alt=\"termini di privacy\" class=\"privacy\">https:\/\/porto.ancona.it\/it\/page\/passeggeri-con-disabilita-ancona<\/a>\n\t<\/p>\n\t<p>Pour toutes les autres lignes <b><u>SNAV<\/u><\/b>, afin de pr\u00e9parer l\u2019assistance n\u00e9cessaire, nous vous invitons \u00e0 nous contacter 5 jours et au plus tard 48 heures ouvrables avant le d\u00e9part en remplissant le formulaire suivant:\n\t<\/p>\n\t<div class=\"col-xs-30 col-md-3\">\n\t\t<p><label>Pr\u00e9nom *<\/label>\n\t\t<\/p>\n\t\t<p><span class=\"wpcf7-form-control-wrap\" data-name=\"cognome\"><input size=\"40\" maxlength=\"400\" class=\"wpcf7-form-control wpcf7-text wpcf7-validates-as-required\" aria-required=\"true\" aria-invalid=\"false\" value=\"\" type=\"text\" name=\"cognome\" \/><\/span>\n\t\t<\/p>\n\t<\/div>\n\t<div class=\"col-xs-30 col-md-3\">\n\t\t<p><label>Nom *<\/label>\n\t\t<\/p>\n\t\t<p><span class=\"wpcf7-form-control-wrap\" data-name=\"nome\"><input size=\"40\" maxlength=\"400\" class=\"wpcf7-form-control wpcf7-text wpcf7-validates-as-required\" aria-required=\"true\" aria-invalid=\"false\" value=\"\" type=\"text\" name=\"nome\" \/><\/span>\n\t\t<\/p>\n\t<\/div>\n\t<div class=\"col-xs-30 col-md-3\">\n\t\t<p><label>E-mail *<\/label>\n\t\t<\/p>\n\t\t<p><span class=\"wpcf7-form-control-wrap\" data-name=\"email\"><input size=\"40\" maxlength=\"400\" class=\"wpcf7-form-control wpcf7-email wpcf7-validates-as-required wpcf7-text wpcf7-validates-as-email\" aria-required=\"true\" aria-invalid=\"false\" value=\"\" type=\"email\" name=\"email\" \/><\/span>\n\t\t<\/p>\n\t<\/div>\n\t<div class=\"col-xs-30 col-md-3\">\n\t\t<p><label>T\u00e9l\u00e9phone *<\/label>\n\t\t<\/p>\n\t\t<p><span class=\"wpcf7-form-control-wrap\" data-name=\"telefono\"><input size=\"40\" maxlength=\"400\" class=\"wpcf7-form-control wpcf7-tel wpcf7-validates-as-required wpcf7-text wpcf7-validates-as-tel\" aria-required=\"true\" aria-invalid=\"false\" value=\"\" type=\"tel\" name=\"telefono\" \/><\/span>\n\t\t<\/p>\n\t<\/div>\n\t<div class=\"col-xs-30 col-md-3\">\n\t\t<p><label>Num\u00e9ro de billet *<\/label>\n\t\t<\/p>\n\t\t<p><span class=\"wpcf7-form-control-wrap\" data-name=\"biglietto\"><input size=\"40\" maxlength=\"400\" class=\"wpcf7-form-control wpcf7-text wpcf7-validates-as-required\" aria-required=\"true\" aria-invalid=\"false\" placeholder=\"\" value=\"\" type=\"text\" name=\"biglietto\" \/><\/span>\n\t\t<\/p>\n\t<\/div>\n\t<div class=\"col-xs-30 col-md-2\">\n\t\t<p><label>Port d\u2019embarquement *<\/label>\n\t\t<\/p>\n\t\t<p><span class=\"wpcf7-form-control-wrap\" data-name=\"imbarco\"><input size=\"40\" maxlength=\"400\" class=\"wpcf7-form-control wpcf7-text wpcf7-validates-as-required\" aria-required=\"true\" aria-invalid=\"false\" placeholder=\"\" value=\"\" type=\"text\" name=\"imbarco\" \/><\/span>\n\t\t<\/p>\n\t<\/div>\n\t<div class=\"col-xs-30 col-md-2\">\n\t\t<p><label>Port d\u00e9barquement *<\/label>\n\t\t<\/p>\n\t\t<p><span class=\"wpcf7-form-control-wrap\" data-name=\"sbarco\"><input size=\"40\" maxlength=\"400\" class=\"wpcf7-form-control wpcf7-text wpcf7-validates-as-required\" aria-required=\"true\" aria-invalid=\"false\" placeholder=\"\" value=\"\" type=\"text\" name=\"sbarco\" \/><\/span>\n\t\t<\/p>\n\t<\/div>\n\t<div class=\"col-xs-30 col-md-3\">\n\t\t<p><label>Date de d\u00e9part *<\/label>\n\t\t<\/p>\n\t\t<p><span class=\"wpcf7-form-control-wrap\" data-name=\"data_andata\"><input class=\"wpcf7-form-control wpcf7-date wpcf7-validates-as-required wpcf7-validates-as-date\" aria-required=\"true\" aria-invalid=\"false\" value=\"\" type=\"date\" name=\"data_andata\" \/><\/span>\n\t\t<\/p>\n\t<\/div>\n\t<div class=\"col-xs-30 col-md-2\">\n\t\t<p><label>Heure de d\u00e9part *<\/label>\n\t\t<\/p>\n\t\t<p><span class=\"wpcf7-form-control-wrap\" data-name=\"ora_andata\"><input size=\"40\" maxlength=\"400\" class=\"wpcf7-form-control wpcf7-text wpcf7-validates-as-required\" aria-required=\"true\" aria-invalid=\"false\" placeholder=\"00:00\" value=\"\" type=\"text\" name=\"ora_andata\" \/><\/span>\n\t\t<\/p>\n\t<\/div>\n\t<div class=\"col-xs-30 col-md-12\">\n\t\t<p><i>Pour demander l'assistance pour le voyage retour, veuillez soumettre une nouvelle demande au moins 5 jours et au plus tard 48 heures ouvrables avant le d\u00e9part.<\/i>\n\t\t<\/p>\n\t<\/div>\n\t<div class=\"col-xs-30 col-md-6\">\n\t\t<p><label><\/label>\n\t\t<\/p>\n\t\t<p>Nom et pr\u00e9nom du passager qui necessite d\u2019assistance *\n\t\t<\/p>\n\t\t<p><span class=\"wpcf7-form-control-wrap\" data-name=\"adulti\"><input size=\"40\" maxlength=\"400\" class=\"wpcf7-form-control wpcf7-text wpcf7-validates-as-required\" aria-required=\"true\" aria-invalid=\"false\" value=\"\" type=\"text\" name=\"adulti\" \/><\/span>\n\t\t<\/p>\n\t<\/div>\n\t<div class=\"col-xs-30 col-md-12\">\n\t\t<p>Dispositif de mobilit\u00e9 : *\n\t\t<\/p>\n\t\t<p><span class=\"wpcf7-form-control-wrap\" data-name=\"dispositivo_mobilita\"><select class=\"wpcf7-form-control wpcf7-select wpcf7-validates-as-required\" aria-required=\"true\" aria-invalid=\"false\" name=\"dispositivo_mobilita\"><option value=\"\">&#8212;Please choose an option&#8212;<\/option><option value=\"J\u2019ai un handicap moteur n\u00e9cessitant l\u2019utilisation de mon propre fauteuil roulant manuel\">J\u2019ai un handicap moteur n\u00e9cessitant l\u2019utilisation de mon propre fauteuil roulant manuel<\/option><option value=\"J\u2019ai un handicap moteur n\u00e9cessitant l\u2019utilisation de mon propre fauteuil roulant \u00e9lectrique\">J\u2019ai un handicap moteur n\u00e9cessitant l\u2019utilisation de mon propre fauteuil roulant \u00e9lectrique<\/option><option value=\"J\u2019ai un handicap moteur n\u00e9cessitant l\u2019utilisation de mes propres aides \u00e0 la mobilit\u00e9 (canne, d\u00e9ambulateur, b\u00e9quilles, etc.)\">J\u2019ai un handicap moteur n\u00e9cessitant l\u2019utilisation de mes propres aides \u00e0 la mobilit\u00e9 (canne, d\u00e9ambulateur, b\u00e9quilles, etc.)<\/option><option value=\"J\u2019ai un l\u00e9ger handicap moteur n\u00e9cessitant l\u2019assistance de la compagnie lors des op\u00e9rations d\u2019embarquement et de d\u00e9barquement \u00e0 bord des navires\">J\u2019ai un l\u00e9ger handicap moteur n\u00e9cessitant l\u2019assistance de la compagnie lors des op\u00e9rations d\u2019embarquement et de d\u00e9barquement \u00e0 bord des navires<\/option><option value=\"J\u2019ai un l\u00e9ger handicap n\u00e9cessitant l\u2019assistance de la compagnie lors des op\u00e9rations d\u2019embarquement et de d\u00e9barquement \u00e0 bord des navires avec l\u2019aide d\u2019un fauteuil roulant\">J\u2019ai un l\u00e9ger handicap n\u00e9cessitant l\u2019assistance de la compagnie lors des op\u00e9rations d\u2019embarquement et de d\u00e9barquement \u00e0 bord des navires avec l\u2019aide d\u2019un fauteuil roulant<\/option><option value=\"Autre (\u00e0 pr\u00e9ciser dans le champ notes)\">Autre (\u00e0 pr\u00e9ciser dans le champ notes)<\/option><\/select><\/span>\n\t\t<\/p>\n\t<\/div>\n\t<div class=\"col-xs-30 col-md-12\">\n\t\t<p>Notes suppl\u00e9mentaires:\n\t\t<\/p>\n\t\t<p><span class=\"wpcf7-form-control-wrap\" data-name=\"assistenza\"><textarea cols=\"40\" rows=\"10\" maxlength=\"2000\" class=\"wpcf7-form-control wpcf7-textarea\" aria-invalid=\"false\" placeholder=\"\" name=\"assistenza\"><\/textarea><\/span>\n\t\t<\/p>\n\t<\/div>\n\t<div class=\"col-xs-12 col-md-2\">\n\t\t<p>Joignez le billet: *\n\t\t<\/p>\n\t\t<p><span class=\"wpcf7-form-control-wrap\" data-name=\"ticket\"><input size=\"40\" class=\"wpcf7-form-control wpcf7-file wpcf7-validates-as-required\" accept=\".pdf,.jpg\" aria-required=\"true\" aria-invalid=\"false\" type=\"file\" name=\"ticket\" \/><\/span>\n\t\t<\/p>\n\t<\/div>\n\t<div class=\"col-xs-30 col-md-12\">\n\t\n\t\t<p><span class=\"wpcf7-form-control-wrap\" data-name=\"privacy\"><span class=\"wpcf7-form-control wpcf7-acceptance\"><span class=\"wpcf7-list-item\"><input type=\"checkbox\" name=\"privacy\" value=\"1\" aria-invalid=\"false\" \/><\/span><\/span><\/span> Conscient que la compagnie fournit gratuitement, dans les zones relevant de sa comp\u00e9tence, lorsque cela est possible, <b>vers et depuis les Points de Rencontre<\/b> sp\u00e9cialement d\u00e9sign\u00e9s conform\u00e9ment aux articles 11 et 12, paragraphe 3, du R\u00e8glement europ\u00e9en relatif aux droits des passagers voyageant par mer et par voies navigables int\u00e9rieures, une assistance aux personnes handicap\u00e9es ou aux PMR, <b>pendant les op\u00e9rations d\u2019embarquement et de d\u00e9barquement et \u00e0 bord des navires<\/b>. L\u2019assistance est adapt\u00e9e, si possible, aux besoins individuels de la personne handicap\u00e9e ou \u00e0 mobilit\u00e9 r\u00e9duite (art. 10 R\u00e8g. UE 1177\/2010).\n\t\t<\/p>\n\t\t<p>Les <b>Points de Rencontre<\/b> suivants sont les lieux d\u00e9sign\u00e9s o\u00f9 les personnes handicap\u00e9es ou PMR doivent se rendre, <b>de mani\u00e8re autonome<\/b>, pour b\u00e9n\u00e9ficier de l\u2019assistance demand\u00e9e :\n\t\t<\/p>\n\t\t<p>- Billetterie Naples Beverello<br \/>\n- Billetterie Port de Sorrente<br \/>\n- Billetterie de Procida<br \/>\n- Billetterie Port de Castellammare di Stabia<br \/>\n- Billetterie de Capri<br \/>\n- Billetterie Naples Mergellina<br \/>\n- Billetterie d\u2019Anc\u00f4ne<br \/>\n- Billetterie de Split<br \/>\n- Pour Casamicciola, les \u00eeles de Ponza et Ventotene et les \u00eeles \u00c9oliennes (Lipari, Stromboli, Salina, Vulcano, Panarea), les <b>Points de Rencontre<\/b> sont situ\u00e9s aux zones d\u2019embarquement et de d\u00e9barquement des passagers, donc sur les quais.\n\t\t<\/p>\n\t\n\t\t<p><span class=\"wpcf7-form-control-wrap\" data-name=\"privacy\"><span class=\"wpcf7-form-control wpcf7-acceptance\"><span class=\"wpcf7-list-item\"><input type=\"checkbox\" name=\"privacy\" value=\"1\" aria-invalid=\"false\" \/><\/span><\/span><\/span> Afin de vous fournir l\u2019assistance demand\u00e9e, nous devons n\u00e9cessairement traiter des donn\u00e9es personnelles qui peuvent r\u00e9v\u00e9ler votre \u00e9tat de sant\u00e9.\n\t\t<\/p>\n\t\t<p>Ce traitement est bas\u00e9 sur votre consentement expr\u00e8s au traitement de ces donn\u00e9es, conform\u00e9ment \u00e0 l\u2019art. 9 lit. a) du r\u00e8glement (UE) 2016\/679.\n\t\t<\/p>\n\t\t<p>En envoyant la demande, vous confirmez avoir pris connaissance de l\u2019information sur le traitement des donn\u00e9es personnelles disponible \u00e0 l\u2019adresse suivant <a href=\"\/privacy\" target=\"_blank\" alt=\"termini di privacy\" class=\"privacy\">https:\/\/www.snav.it\/privacy<\/a> et vous consentez au traitement de vos donn\u00e9es personnelles aux fins du service demand\u00e9.\n\t\t<\/p>\n\t\t<p>Pour plus de d\u00e9tails, consultez la note <a href=\"https:\/\/www.snav.it\/go\/informativa-pmr\" target=\"_blank\" alt=\"termini di privacy\" class=\"privacy\">l'informativa PMR - Persone a Mobilit\u00e0 Ridotta.<\/a>\n\t\t<\/p>\n\t\t<p><i>* Champ obligatoires.<\/i>\n\t\t<\/p>\n\t\t<p><input class=\"wpcf7-form-control wpcf7-submit has-spinner\" type=\"submit\" value=\"Envoyer la demande\" \/>\n\t\t<\/p>\n\t<\/div>\n<\/div><div class=\"wpcf7-response-output\" aria-hidden=\"true\"><\/div>\n<\/form>\n<\/div>\n[\/vc_column][vc_column width=\u00a0\u00bb1\/6&Prime;][\/vc_column][\/vc_row]<\/p>\n<\/div>","protected":false},"excerpt":{"rendered":"<p>[vc_row css=\u00a0\u00bb.vc_custom_1672238184030{margin-top: 32px !important;margin-bottom: 72px !important;}\u00a0\u00bb][vc_column width=\u00a0\u00bb1\/6&Prime;][\/vc_column][vc_column width=\u00a0\u00bb2\/3&Prime;][\/vc_column][vc_column width=\u00a0\u00bb1\/6&Prime;][\/vc_column][\/vc_row]<\/p>\n","protected":false},"author":6,"featured_media":0,"parent":0,"menu_order":0,"comment_status":"closed","ping_status":"closed","template":"","meta":{"footnotes":""},"class_list":["post-19730","page","type-page","status-publish","hentry"],"_links":{"self":[{"href":"https:\/\/www.snav.it\/fr\/wp-json\/wp\/v2\/pages\/19730","targetHints":{"allow":["GET"]}}],"collection":[{"href":"https:\/\/www.snav.it\/fr\/wp-json\/wp\/v2\/pages"}],"about":[{"href":"https:\/\/www.snav.it\/fr\/wp-json\/wp\/v2\/types\/page"}],"author":[{"embeddable":true,"href":"https:\/\/www.snav.it\/fr\/wp-json\/wp\/v2\/users\/6"}],"replies":[{"embeddable":true,"href":"https:\/\/www.snav.it\/fr\/wp-json\/wp\/v2\/comments?post=19730"}],"version-history":[{"count":3,"href":"https:\/\/www.snav.it\/fr\/wp-json\/wp\/v2\/pages\/19730\/revisions"}],"predecessor-version":[{"id":19744,"href":"https:\/\/www.snav.it\/fr\/wp-json\/wp\/v2\/pages\/19730\/revisions\/19744"}],"wp:attachment":[{"href":"https:\/\/www.snav.it\/fr\/wp-json\/wp\/v2\/media?parent=19730"}],"curies":[{"name":"wp","href":"https:\/\/api.w.org\/{rel}","templated":true}]}}